{"id":953,"date":"2022-05-05T18:39:06","date_gmt":"2022-05-05T18:39:06","guid":{"rendered":"https:\/\/beenews.com.br\/register\/"},"modified":"2022-05-05T18:39:06","modified_gmt":"2022-05-05T18:39:06","slug":"dang-ky","status":"publish","type":"page","link":"https:\/\/beenews.com.br\/vi_eu\/register\/","title":{"rendered":"\u0110\u0103ng k\u00fd"},"content":{"rendered":"","protected":false},"excerpt":{"rendered":"","protected":false},"author":8,"featured_media":0,"parent":0,"menu_order":0,"comment_status":"closed","ping_status":"closed","template":"","meta":{"footnotes":""},"class_list":["post-953","page","type-page","status-publish"],"_links":{"self":[{"href":"https:\/\/beenews.com.br\/vi_eu\/wp-json\/wp\/v2\/pages\/953","targetHints":{"allow":["GET"]}}],"collection":[{"href":"https:\/\/beenews.com.br\/vi_eu\/wp-json\/wp\/v2\/pages"}],"about":[{"href":"https:\/\/beenews.com.br\/vi_eu\/wp-json\/wp\/v2\/types\/page"}],"author":[{"embeddable":true,"href":"https:\/\/beenews.com.br\/vi_eu\/wp-json\/wp\/v2\/users\/8"}],"replies":[{"embeddable":true,"href":"https:\/\/beenews.com.br\/vi_eu\/wp-json\/wp\/v2\/comments?post=953"}],"version-history":[{"count":0,"href":"https:\/\/beenews.com.br\/vi_eu\/wp-json\/wp\/v2\/pages\/953\/revisions"}],"wp:attachment":[{"href":"https:\/\/beenews.com.br\/vi_eu\/wp-json\/wp\/v2\/media?parent=953"}],"curies":[{"name":"trang web","href":"https:\/\/api.w.org\/{rel}","templated":true}]}}