{"id":128,"date":"2022-02-11T17:54:17","date_gmt":"2022-02-11T17:54:17","guid":{"rendered":"https:\/\/beenews.com.br\/?page_id=128"},"modified":"2023-03-14T04:30:57","modified_gmt":"2023-03-14T04:30:57","slug":"villkor","status":"publish","type":"page","link":"https:\/\/beenews.com.br\/sv\/termos-de-uso\/","title":{"rendered":"Villkor"},"content":{"rendered":"<h2 class=\"wp-block-heading\" id=\"1-termos\">1. Villkor<\/h2>\n\n\n\n<p>N\u00e4r du g\u00e5r in p\u00e5 webbplatsen\u00a0<a href=\"https:\/\/beenews.com.br\/sv\/\">Bee News<\/a>, samtycker till att f\u00f6lja dessa anv\u00e4ndarvillkor, alla till\u00e4mpliga lagar och f\u00f6rordningar och samtycker till att du \u00e4r ansvarig f\u00f6r att alla till\u00e4mpliga lokala lagar f\u00f6ljs. Om du inte godk\u00e4nner n\u00e5gon av dessa villkor \u00e4r du f\u00f6rbjuden att anv\u00e4nda eller komma \u00e5t denna webbplats. Materialet p\u00e5 denna webbplats \u00e4r skyddat av till\u00e4mplig upphovsr\u00e4tt och varum\u00e4rkeslagar.<\/p>\n\n\n\n<h2 class=\"wp-block-heading\" id=\"2-uso-de-licenca\">2. Anv\u00e4ndning av licens<\/h2>\n\n\n\n<p>Till\u00e5telse ges att tillf\u00e4lligt ladda ner ett exemplar av materialet (information eller programvara) p\u00e5 Bee News webbplats endast f\u00f6r personlig, icke-kommersiell tillf\u00e4llig visning. Detta \u00e4r beviljande av en licens, inte en \u00f6verf\u00f6ring av titel, och under denna licens f\u00e5r du inte:\u00a0<\/p>\n\n\n\n<ol class=\"wp-block-list\">\n<li>\u00e4ndra eller kopiera materialet;&nbsp;<\/li>\n\n\n\n<li>anv\u00e4nda materialet f\u00f6r n\u00e5got kommersiellt syfte eller f\u00f6r offentlig visning (kommersiell eller icke-kommersiell);&nbsp;<\/li>\n\n\n\n<li>f\u00f6rs\u00f6k att dekompilera eller bak\u00e5tkonstruera n\u00e5gon programvara som finns p\u00e5 Bee News-webbplatsen;\u00a0<\/li>\n\n\n\n<li>ta bort all upphovsr\u00e4tt eller andra \u00e4gander\u00e4ttsbeteckningar fr\u00e5n materialet; eller&nbsp;<\/li>\n\n\n\n<li>\u00f6verf\u00f6ra materialet till en annan person eller &quot;spegla&quot; materialet p\u00e5 n\u00e5gon annan server.<\/li>\n<\/ol>\n\n\n\n<p>Denna licens kommer automatiskt att avslutas om du bryter mot n\u00e5gon av dessa begr\u00e4nsningar och kan s\u00e4gas upp av Bee News n\u00e4r som helst. N\u00e4r du slutar se detta material eller vid upps\u00e4gning av denna licens m\u00e5ste du radera allt nedladdat material i din \u00e4go, oavsett om det \u00e4r i elektronisk eller tryckt form.<\/p>\n\n\n\n<h2 class=\"wp-block-heading\" id=\"3-isencao-de-responsabilidade\">3. Ansvarsfriskrivning<\/h2>\n\n\n\n<ol class=\"wp-block-list\">\n<li>Materialet p\u00e5 Bee News-webbplatsen tillhandah\u00e5lls &quot;i befintligt skick&quot;. Bee News l\u00e4mnar inga garantier, vare sig uttryckliga eller underf\u00f6rst\u00e5dda, och fr\u00e5ns\u00e4ger sig och fr\u00e5ns\u00e4ger sig h\u00e4rmed alla andra garantier, inklusive, utan begr\u00e4nsning, underf\u00f6rst\u00e5dda garantier eller villkor f\u00f6r s\u00e4ljbarhet, l\u00e4mplighet f\u00f6r ett visst \u00e4ndam\u00e5l eller icke-intr\u00e5ng i immateriella r\u00e4ttigheter eller andra intr\u00e5ng i r\u00e4ttigheter. .<\/li>\n\n\n\n<li>Bee News garanterar eller g\u00f6r inga utf\u00e4stelser om riktigheten, sannolika resultat eller tillf\u00f6rlitligheten av anv\u00e4ndningen av materialet p\u00e5 sin webbplats eller p\u00e5 annat s\u00e4tt relaterat till detta material eller p\u00e5 webbplatser som \u00e4r l\u00e4nkade till denna webbplats.<\/li>\n<\/ol>\n\n\n\n<h2 class=\"wp-block-heading\" id=\"4-limitacoes\">4. Begr\u00e4nsningar<\/h2>\n\n\n\n<p>Under inga omst\u00e4ndigheter kommer Bee News eller dess leverant\u00f6rer att h\u00e5llas ansvariga f\u00f6r n\u00e5gra skador (inklusive, utan begr\u00e4nsning, skador f\u00f6r f\u00f6rlust av data eller vinst eller p\u00e5 grund av aff\u00e4rsavbrott) som uppst\u00e5r till f\u00f6ljd av din anv\u00e4ndning av, eller of\u00f6rm\u00e5ga att anv\u00e4nda, materialet p\u00e5 Bee News , \u00e4ven om Bee News eller en Bee News auktoriserad representant har underr\u00e4ttats muntligt eller skriftligt om m\u00f6jligheten till s\u00e5dana skador. Eftersom vissa jurisdiktioner inte till\u00e5ter begr\u00e4nsningar av underf\u00f6rst\u00e5dda garantier, eller begr\u00e4nsningar av ansvar f\u00f6r f\u00f6ljdskador eller of\u00f6rutsedda skador, kanske dessa begr\u00e4nsningar inte g\u00e4ller dig.<\/p>\n\n\n\n<h2 class=\"wp-block-heading\" id=\"5-precisao-dos-materiais\">5. Materialens noggrannhet<\/h2>\n\n\n\n<p>Materialet som visas p\u00e5 Bee News webbplats kan inneh\u00e5lla tekniska, typografiska eller fotografiska fel. Bee News garanterar inte att n\u00e5got av materialet p\u00e5 dess webbplats \u00e4r korrekt, komplett eller aktuellt. Bee News kan g\u00f6ra \u00e4ndringar i materialet som finns p\u00e5 sin webbplats n\u00e4r som helst utan f\u00f6reg\u00e5ende meddelande. Bee News f\u00f6rbinder sig dock inte att uppdatera materialet.<\/p>\n\n\n\n<h2 class=\"wp-block-heading\" id=\"6-links\">6. L\u00e4nkar<\/h2>\n\n\n\n<p>Bee News har inte granskat alla webbplatser som \u00e4r l\u00e4nkade till sin webbplats och \u00e4r inte ansvarig f\u00f6r inneh\u00e5llet p\u00e5 n\u00e5gon s\u00e5dan l\u00e4nkad webbplats. Inkluderandet av n\u00e5gon l\u00e4nk inneb\u00e4r inte att Bee News godk\u00e4nner webbplatsen. Anv\u00e4ndning av n\u00e5gon l\u00e4nkad webbplats sker p\u00e5 anv\u00e4ndarens egen risk.<\/p>\n\n\n\n<h3 class=\"wp-block-heading\" id=\"modificacoes\">\u00c4ndringar<\/h3>\n\n\n\n<p>Bee News kan \u00e4ndra dessa anv\u00e4ndarvillkor f\u00f6r webbplatsen n\u00e4r som helst utan f\u00f6reg\u00e5ende meddelande. Genom att anv\u00e4nda denna webbplats samtycker du till att vara bunden av den aktuella versionen av dessa anv\u00e4ndarvillkor.<\/p>\n\n\n\n<h3 class=\"wp-block-heading\" id=\"lei-aplicavel\">Till\u00e4mplig lag<\/h3>\n\n\n\n<p>Dessa villkor styrs av och tolkas i enlighet med lagarna i Bee News och du underkastar dig o\u00e5terkalleligen den exklusiva jurisdiktionen f\u00f6r domstolarna i den staten eller orten.<\/p>","protected":false},"excerpt":{"rendered":"<p>1. Termos Ao acessar ao site\u00a0Bee News, concorda em cumprir estes termos de servi\u00e7o, todas as leis e regulamentos aplic\u00e1veis \u200b\u200be concorda que \u00e9 respons\u00e1vel pelo cumprimento de todas as leis locais aplic\u00e1veis. Se voc\u00ea n\u00e3o concordar com algum desses termos, est\u00e1 proibido de usar ou acessar este site. Os materiais contidos neste site s\u00e3o [&hellip;]<\/p>\n","protected":false},"author":8,"featured_media":0,"parent":0,"menu_order":0,"comment_status":"closed","ping_status":"closed","template":"","meta":{"footnotes":""},"class_list":["post-128","page","type-page","status-publish"],"_links":{"self":[{"href":"https:\/\/beenews.com.br\/sv\/wp-json\/wp\/v2\/pages\/128","targetHints":{"allow":["GET"]}}],"collection":[{"href":"https:\/\/beenews.com.br\/sv\/wp-json\/wp\/v2\/pages"}],"about":[{"href":"https:\/\/beenews.com.br\/sv\/wp-json\/wp\/v2\/types\/page"}],"author":[{"embeddable":true,"href":"https:\/\/beenews.com.br\/sv\/wp-json\/wp\/v2\/users\/8"}],"replies":[{"embeddable":true,"href":"https:\/\/beenews.com.br\/sv\/wp-json\/wp\/v2\/comments?post=128"}],"version-history":[{"count":0,"href":"https:\/\/beenews.com.br\/sv\/wp-json\/wp\/v2\/pages\/128\/revisions"}],"wp:attachment":[{"href":"https:\/\/beenews.com.br\/sv\/wp-json\/wp\/v2\/media?parent=128"}],"curies":[{"name":"wp","href":"https:\/\/api.w.org\/{rel}","templated":true}]}}