{"id":128,"date":"2022-02-11T17:54:17","date_gmt":"2022-02-11T17:54:17","guid":{"rendered":"https:\/\/beenews.com.br\/?page_id=128"},"modified":"2023-03-14T04:30:57","modified_gmt":"2023-03-14T04:30:57","slug":"warunki-korzystania","status":"publish","type":"page","link":"https:\/\/beenews.com.br\/pl\/termos-de-uso\/","title":{"rendered":"Warunki korzystania"},"content":{"rendered":"<h2 class=\"wp-block-heading\" id=\"1-termos\">1. Warunki<\/h2>\n\n\n\n<p>Podczas uzyskiwania dost\u0119pu do witryny\u00a0<a href=\"https:\/\/beenews.com.br\/pl\/\">Wiadomo\u015bci o pszczo\u0142ach<\/a>, wyra\u017casz zgod\u0119 na przestrzeganie niniejszych warunk\u00f3w korzystania z us\u0142ugi, wszystkich obowi\u0105zuj\u0105cych praw i przepis\u00f3w oraz zgadzasz si\u0119, \u017ce jeste\u015b odpowiedzialny za przestrzeganie wszystkich obowi\u0105zuj\u0105cych przepis\u00f3w lokalnych. Je\u015bli nie zgadzasz si\u0119 na kt\u00f3rykolwiek z tych warunk\u00f3w, nie mo\u017cesz korzysta\u0107 z tej witryny ani uzyskiwa\u0107 do niej dost\u0119pu. Materia\u0142y zawarte na tej stronie s\u0105 chronione odpowiednimi prawami autorskimi i prawami dotycz\u0105cymi znak\u00f3w towarowych.<\/p>\n\n\n\n<h2 class=\"wp-block-heading\" id=\"2-uso-de-licenca\">2. Korzystanie z Licencji<\/h2>\n\n\n\n<p>Zezwala si\u0119 na tymczasowe pobranie jednej kopii materia\u0142\u00f3w (informacji lub oprogramowania) ze strony internetowej Bee News wy\u0142\u0105cznie do osobistego, niekomercyjnego, przej\u015bciowego przegl\u0105dania. Jest to przyznanie licencji, a nie przeniesienie tytu\u0142u, a na mocy tej licencji nie mo\u017cesz:\u00a0<\/p>\n\n\n\n<ol class=\"wp-block-list\">\n<li>modyfikowa\u0107 ani kopiowa\u0107 materia\u0142\u00f3w;&nbsp;<\/li>\n\n\n\n<li>wykorzystywa\u0107 materia\u0142\u00f3w do jakichkolwiek cel\u00f3w komercyjnych lub do publicznego wy\u015bwietlania (komercyjnego lub niekomercyjnego);&nbsp;<\/li>\n\n\n\n<li>podejmowa\u0107 pr\u00f3b dekompilacji lub in\u017cynierii wstecznej jakiegokolwiek oprogramowania zawartego na stronie internetowej Bee News;\u00a0<\/li>\n\n\n\n<li>usuwa\u0107 z materia\u0142\u00f3w jakichkolwiek zapis\u00f3w dotycz\u0105cych praw autorskich lub innych praw w\u0142asno\u015bci; Lub&nbsp;<\/li>\n\n\n\n<li>przenosi\u0107 materia\u0142\u00f3w na inn\u0105 osob\u0119 lub \u201ekopiowa\u0107\u201d materia\u0142y na jakimkolwiek innym serwerze.<\/li>\n<\/ol>\n\n\n\n<p>Ta licencja wygasa automatycznie, je\u015bli naruszysz kt\u00f3rekolwiek z tych ogranicze\u0144 i mo\u017ce zosta\u0107 wypowiedziana przez Bee News w dowolnym momencie. Po zaprzestaniu przegl\u0105dania tych materia\u0142\u00f3w lub po wyga\u015bni\u0119ciu tej licencji, musisz usun\u0105\u0107 wszystkie pobrane materia\u0142y b\u0119d\u0105ce w twoim posiadaniu, zar\u00f3wno w formie elektronicznej, jak i drukowanej.<\/p>\n\n\n\n<h2 class=\"wp-block-heading\" id=\"3-isencao-de-responsabilidade\">3. Zastrze\u017cenie<\/h2>\n\n\n\n<ol class=\"wp-block-list\">\n<li>Materia\u0142y na stronie internetowej Bee News s\u0105 dostarczane \u201etak jak s\u0105\u201d. Bee News nie udziela \u017cadnych gwarancji, wyra\u017anych ani dorozumianych, i niniejszym zrzeka si\u0119 odpowiedzialno\u015bci i odrzuca wszelkie inne gwarancje, w tym mi\u0119dzy innymi dorozumiane gwarancje lub warunki przydatno\u015bci handlowej, przydatno\u015bci do okre\u015blonego celu lub nienaruszania w\u0142asno\u015bci intelektualnej lub innego naruszenia praw. .<\/li>\n\n\n\n<li>Ponadto Bee News nie gwarantuje ani nie sk\u0142ada \u017cadnych o\u015bwiadcze\u0144 dotycz\u0105cych dok\u0142adno\u015bci, prawdopodobnych wynik\u00f3w lub wiarygodno\u015bci wykorzystania materia\u0142\u00f3w na swojej stronie internetowej lub w inny spos\u00f3b zwi\u0105zanych z tymi materia\u0142ami lub na stronach internetowych, do kt\u00f3rych prowadz\u0105 \u0142\u0105cza do tej witryny.<\/li>\n<\/ol>\n\n\n\n<h2 class=\"wp-block-heading\" id=\"4-limitacoes\">4. Ograniczenia<\/h2>\n\n\n\n<p>W \u017cadnym wypadku Bee News ani jej dostawcy nie ponosz\u0105 odpowiedzialno\u015bci za jakiekolwiek szkody (w tym mi\u0119dzy innymi szkody za utrat\u0119 danych lub zysk\u00f3w lub z powodu przerwy w dzia\u0142alno\u015bci) wynikaj\u0105ce z korzystania lub niemo\u017cno\u015bci korzystania z materia\u0142\u00f3w Bee News , nawet je\u015bli Bee News lub autoryzowany przedstawiciel Bee News zosta\u0142 ustnie lub pisemnie powiadomiony o mo\u017cliwo\u015bci wyst\u0105pienia takich szk\u00f3d. Poniewa\u017c niekt\u00f3re jurysdykcje nie zezwalaj\u0105 na ograniczenia dorozumianych gwarancji lub ogranicze\u0144 odpowiedzialno\u015bci za szkody wynikowe lub przypadkowe, ograniczenia te mog\u0105 nie mie\u0107 zastosowania do u\u017cytkownika.<\/p>\n\n\n\n<h2 class=\"wp-block-heading\" id=\"5-precisao-dos-materiais\">5. Dok\u0142adno\u015b\u0107 materia\u0142\u00f3w<\/h2>\n\n\n\n<p>Materia\u0142y pojawiaj\u0105ce si\u0119 na stronie Bee News mog\u0105 zawiera\u0107 b\u0142\u0119dy techniczne, typograficzne lub fotograficzne. Bee News nie gwarantuje, \u017ce jakiekolwiek materia\u0142y na jej stronie internetowej s\u0105 dok\u0142adne, kompletne lub aktualne. Bee News mo\u017ce dokonywa\u0107 zmian w materia\u0142ach zawartych na swojej stronie internetowej w dowolnym czasie i bez uprzedzenia. Bee News nie zobowi\u0105zuje si\u0119 jednak do aktualizacji materia\u0142\u00f3w.<\/p>\n\n\n\n<h2 class=\"wp-block-heading\" id=\"6-links\">6. Linki<\/h2>\n\n\n\n<p>Bee News nie dokona\u0142a przegl\u0105du wszystkich witryn, do kt\u00f3rych prowadz\u0105 \u0142\u0105cza na swojej stronie internetowej, i nie ponosi odpowiedzialno\u015bci za zawarto\u015b\u0107 takich witryn. Zamieszczenie jakiegokolwiek \u0142\u0105cza nie oznacza poparcia witryny przez Bee News. Korzystanie z dowolnej witryny, do kt\u00f3rej prowadz\u0105 \u0142\u0105cza, odbywa si\u0119 na w\u0142asne ryzyko u\u017cytkownika.<\/p>\n\n\n\n<h3 class=\"wp-block-heading\" id=\"modificacoes\">modyfikacje<\/h3>\n\n\n\n<p>Bee News mo\u017ce zmieni\u0107 niniejsze warunki korzystania ze strony internetowej w dowolnym momencie bez powiadomienia. Korzystaj\u0105c z tej witryny, wyra\u017casz zgod\u0119 na przestrzeganie aktualnej wersji niniejszych warunk\u00f3w \u015bwiadczenia us\u0142ug.<\/p>\n\n\n\n<h3 class=\"wp-block-heading\" id=\"lei-aplicavel\">Obowi\u0105zuj\u0105ce prawo<\/h3>\n\n\n\n<p>Niniejsze warunki s\u0105 regulowane i interpretowane zgodnie z prawem Bee News, a u\u017cytkownik nieodwo\u0142alnie poddaje si\u0119 wy\u0142\u0105cznej jurysdykcji s\u0105d\u00f3w w tym stanie lub miejscowo\u015bci.<\/p>","protected":false},"excerpt":{"rendered":"<p>1. Termos Ao acessar ao site\u00a0Bee News, concorda em cumprir estes termos de servi\u00e7o, todas as leis e regulamentos aplic\u00e1veis \u200b\u200be concorda que \u00e9 respons\u00e1vel pelo cumprimento de todas as leis locais aplic\u00e1veis. Se voc\u00ea n\u00e3o concordar com algum desses termos, est\u00e1 proibido de usar ou acessar este site. Os materiais contidos neste site s\u00e3o [&hellip;]<\/p>\n","protected":false},"author":8,"featured_media":0,"parent":0,"menu_order":0,"comment_status":"closed","ping_status":"closed","template":"","meta":{"footnotes":""},"class_list":["post-128","page","type-page","status-publish"],"_links":{"self":[{"href":"https:\/\/beenews.com.br\/pl\/wp-json\/wp\/v2\/pages\/128","targetHints":{"allow":["GET"]}}],"collection":[{"href":"https:\/\/beenews.com.br\/pl\/wp-json\/wp\/v2\/pages"}],"about":[{"href":"https:\/\/beenews.com.br\/pl\/wp-json\/wp\/v2\/types\/page"}],"author":[{"embeddable":true,"href":"https:\/\/beenews.com.br\/pl\/wp-json\/wp\/v2\/users\/8"}],"replies":[{"embeddable":true,"href":"https:\/\/beenews.com.br\/pl\/wp-json\/wp\/v2\/comments?post=128"}],"version-history":[{"count":0,"href":"https:\/\/beenews.com.br\/pl\/wp-json\/wp\/v2\/pages\/128\/revisions"}],"wp:attachment":[{"href":"https:\/\/beenews.com.br\/pl\/wp-json\/wp\/v2\/media?parent=128"}],"curies":[{"name":"wp","href":"https:\/\/api.w.org\/{rel}","templated":true}]}}