{"id":124,"date":"2022-02-11T17:52:29","date_gmt":"2022-02-11T17:52:29","guid":{"rendered":"https:\/\/beenews.com.br\/?page_id=124"},"modified":"2023-03-14T04:30:57","modified_gmt":"2023-03-14T04:30:57","slug":"polityka-prywatnosci","status":"publish","type":"page","link":"https:\/\/beenews.com.br\/pl\/politica-de-privacidade\/","title":{"rendered":"Polityka prywatno\u015bci"},"content":{"rendered":"<p>Twoja prywatno\u015b\u0107 jest dla nas wa\u017cna. Zgodnie z polityk\u0105 Bee News szanujemy Twoj\u0105 prywatno\u015b\u0107 w odniesieniu do wszelkich informacji, kt\u00f3re mo\u017cemy zebra\u0107 od Ciebie na stronie.\u00a0<a href=\"https:\/\/beenews.com.br\/pl\/\">Wiadomo\u015bci o pszczo\u0142ach<\/a>oraz inne strony internetowe, kt\u00f3re posiadamy i kt\u00f3re obs\u0142ugujemy.<\/p>\n\n\n\n<p>Prosimy o podanie danych osobowych tylko wtedy, gdy naprawd\u0119 potrzebujemy ich do \u015bwiadczenia us\u0142ug. Robimy to w uczciwy i zgodny z prawem spos\u00f3b, za Twoj\u0105 wiedz\u0105 i zgod\u0105. Informujemy r\u00f3wnie\u017c, dlaczego je zbieramy i jak b\u0119d\u0105 wykorzystywane.<\/p>\n\n\n\n<p>Przechowujemy zebrane informacje tylko tak d\u0142ugo, jak jest to konieczne do \u015bwiadczenia \u017c\u0105danej us\u0142ugi. Przechowuj\u0105c dane, chronimy je za pomoc\u0105 komercyjnie akceptowalnych \u015brodk\u00f3w, aby zapobiec utracie i kradzie\u017cy, a tak\u017ce nieautoryzowanemu dost\u0119powi, ujawnieniu, kopiowaniu, wykorzystaniu lub modyfikacji.<\/p>\n\n\n\n<p>Nie udost\u0119pniamy informacji umo\u017cliwiaj\u0105cych identyfikacj\u0119 os\u00f3b publicznie ani stronom trzecim, z wyj\u0105tkiem przypadk\u00f3w wymaganych przez prawo.<\/p>\n\n\n\n<p>Nasza strona internetowa mo\u017ce zawiera\u0107 linki do zewn\u0119trznych stron internetowych, kt\u00f3re nie s\u0105 przez nas obs\u0142ugiwane. Nale\u017cy pami\u0119ta\u0107, \u017ce nie mamy kontroli nad tre\u015bci\u0105 i praktykami tych witryn i nie mo\u017cemy przyj\u0105\u0107 odpowiedzialno\u015bci za ich polityk\u0119 prywatno\u015bci.<\/p>\n\n\n\n<p>Mo\u017cesz odrzuci\u0107 nasz\u0105 pro\u015bb\u0119 o podanie danych osobowych, rozumiej\u0105c, \u017ce mo\u017cemy nie by\u0107 w stanie zapewni\u0107 Ci niekt\u00f3rych po\u017c\u0105danych us\u0142ug.<\/p>\n\n\n\n<p>Dalsze korzystanie z naszej strony internetowej zostanie uznane za akceptacj\u0119 naszych praktyk dotycz\u0105cych prywatno\u015bci i danych osobowych. Je\u015bli masz jakiekolwiek pytania dotycz\u0105ce sposobu, w jaki post\u0119pujemy z danymi u\u017cytkownik\u00f3w i danymi osobowymi, skontaktuj si\u0119 z nami.<\/p>\n\n\n\n<h2 class=\"wp-block-heading\" id=\"politica-de-cookies-lux-mobiles\">Polityka plik\u00f3w cookie Bee News<\/h2>\n\n\n\n<h3 class=\"wp-block-heading\" id=\"o-que-sao-cookies\">Co to s\u0105 pliki cookie?<\/h3>\n\n\n\n<p>Zgodnie z powszechn\u0105 praktyk\u0105 w przypadku prawie wszystkich profesjonalnych witryn internetowych, ta witryna wykorzystuje pliki cookie, kt\u00f3re s\u0105 ma\u0142ymi plikami pobieranymi na Tw\u00f3j komputer, aby poprawi\u0107 Twoje wra\u017cenia. Na tej stronie opisano, jakie informacje zbieraj\u0105, jak je wykorzystujemy i dlaczego czasami musimy przechowywa\u0107 te pliki cookie. Udost\u0119pnimy r\u00f3wnie\u017c, w jaki spos\u00f3b mo\u017cna zapobiec przechowywaniu tych plik\u00f3w cookie, jednak mo\u017ce to obni\u017cy\u0107 lub \u201ezepsu\u0107\u201d niekt\u00f3re elementy funkcjonalno\u015bci witryny.<\/p>\n\n\n\n<h3 class=\"wp-block-heading\" id=\"como-usamos-os-cookies\">Jak u\u017cywamy plik\u00f3w cookie?<\/h3>\n\n\n\n<p>U\u017cywamy plik\u00f3w cookie z r\u00f3\u017cnych powod\u00f3w, wyszczeg\u00f3lnionych poni\u017cej. Niestety, w wi\u0119kszo\u015bci przypadk\u00f3w nie ma standardowych bran\u017cowych opcji wy\u0142\u0105czania plik\u00f3w cookie bez ca\u0142kowitego wy\u0142\u0105czania funkcjonalno\u015bci i funkcji dodawanych do tej witryny. Zaleca si\u0119 pozostawienie wszystkich plik\u00f3w cookie, je\u015bli nie masz pewno\u015bci, czy ich potrzebujesz, je\u015bli s\u0105 wykorzystywane do \u015bwiadczenia us\u0142ugi, z kt\u00f3rej korzystasz.<\/p>\n\n\n\n<h3 class=\"wp-block-heading\" id=\"desativar-cookies\">wy\u0142\u0105cz pliki cookie<\/h3>\n\n\n\n<p>Mo\u017cesz zapobiec ustawianiu plik\u00f3w cookie, dostosowuj\u0105c ustawienia przegl\u0105darki (zobacz Pomoc przegl\u0105darki, jak to zrobi\u0107). Nale\u017cy pami\u0119ta\u0107, \u017ce wy\u0142\u0105czenie plik\u00f3w cookie wp\u0142ynie na funkcjonalno\u015b\u0107 tej i wielu innych witryn, kt\u00f3re odwiedzasz. Wy\u0142\u0105czenie plik\u00f3w cookie spowoduje zazwyczaj wy\u0142\u0105czenie niekt\u00f3rych funkcji i funkcji tej witryny. Dlatego zaleca si\u0119, aby nie wy\u0142\u0105cza\u0107 plik\u00f3w cookie.<\/p>\n\n\n\n<h3 class=\"wp-block-heading\" id=\"cookies-que-definimos\">Pliki cookie, kt\u00f3re ustawiamy<\/h3>\n\n\n\n<ul class=\"wp-block-list\">\n<li>Pliki cookie zwi\u0105zane z kontem<br><br>Je\u015bli utworzysz u nas konto, b\u0119dziemy u\u017cywa\u0107 plik\u00f3w cookie do zarz\u0105dzania procesem rejestracji i og\u00f3lnej administracji. Te pliki cookie s\u0105 zasadniczo usuwane po wylogowaniu, jednak w niekt\u00f3rych przypadkach mog\u0105 pozosta\u0107, aby zapami\u0119ta\u0107 preferencje witryny po wylogowaniu.<br><\/li>\n\n\n\n<li>Pliki cookie zwi\u0105zane z logowaniem<br><br>U\u017cywamy plik\u00f3w cookie, gdy jeste\u015b zalogowany, aby\u015bmy mogli zapami\u0119ta\u0107 t\u0119 czynno\u015b\u0107. Dzi\u0119ki temu nie musisz si\u0119 logowa\u0107 za ka\u017cdym razem, gdy odwiedzasz now\u0105 stron\u0119. Te pliki cookie s\u0105 zwykle usuwane lub czyszczone po wylogowaniu, aby zapewni\u0107 dost\u0119p do ograniczonych funkcji i obszar\u00f3w tylko po zalogowaniu.<br><\/li>\n\n\n\n<li>Pliki cookie zwi\u0105zane z biuletynami e-mailowymi<br><br>Ta witryna oferuje us\u0142ugi subskrypcji biuletyn\u00f3w lub wiadomo\u015bci e-mail, a pliki cookie mog\u0105 by\u0107 u\u017cywane do zapami\u0119tywania, czy jeste\u015b ju\u017c zarejestrowany i czy wy\u015bwietla\u0107 okre\u015blone powiadomienia wa\u017cne tylko dla subskrybowanych\/niesubskrybowanych u\u017cytkownik\u00f3w.<br><\/li>\n\n\n\n<li>Zam\u00f3wienia zwi\u0105zane z przetwarzaniem plik\u00f3w cookie<br><br>Ta witryna oferuje funkcje handlu elektronicznego lub p\u0142atno\u015bci, a niekt\u00f3re pliki cookie s\u0105 niezb\u0119dne, aby Twoje zam\u00f3wienie zosta\u0142o zapami\u0119tane mi\u0119dzy stronami, aby\u015bmy mogli je prawid\u0142owo przetworzy\u0107.<br><\/li>\n\n\n\n<li>Wyszukaj powi\u0105zane pliki cookie<br><br>Od czasu do czasu oferujemy ankiety i quizy, aby dostarczy\u0107 Ci interesuj\u0105cych informacji, przydatnych narz\u0119dzi lub lepiej zrozumie\u0107 nasz\u0105 baz\u0119 u\u017cytkownik\u00f3w. Ankiety te mog\u0105 wykorzystywa\u0107 pliki cookie do zapami\u0119tywania, kto ju\u017c uczestniczy\u0142 w ankiecie lub do dostarczania dok\u0142adnych wynik\u00f3w po zmianie stron.<br><\/li>\n\n\n\n<li>Pliki cookie zwi\u0105zane z formularzem<br><br>Kiedy przesy\u0142asz dane za pomoc\u0105 formularza, takiego jak te znajduj\u0105ce si\u0119 na stronach kontaktowych lub formularzach komentarzy, pliki cookie mog\u0105 by\u0107 ustawione w celu zapami\u0119tania danych u\u017cytkownika na potrzeby przysz\u0142ej korespondencji.<br><\/li>\n\n\n\n<li>Pliki cookie preferencji witryny<br><br>Aby zapewni\u0107 Ci optymalne korzystanie z tej witryny, udost\u0119pniamy funkcj\u0119 ustawiania preferencji dotycz\u0105cych dzia\u0142ania tej witryny podczas korzystania z niej. Aby zapami\u0119ta\u0107 Twoje preferencje, musimy ustawi\u0107 pliki cookie, aby te informacje mog\u0142y by\u0107 wywo\u0142ywane za ka\u017cdym razem, gdy wchodzisz w interakcj\u0119 ze stron\u0105, na kt\u00f3r\u0105 wp\u0142ywaj\u0105 Twoje preferencje.<\/li>\n<\/ul>\n\n\n\n<h3 class=\"wp-block-heading\" id=\"cookies-de-terceiros\">Pliki cookie stron trzecich<\/h3>\n\n\n\n<p>W niekt\u00f3rych szczeg\u00f3lnych przypadkach u\u017cywamy r\u00f3wnie\u017c plik\u00f3w cookie dostarczanych przez zaufane strony trzecie. W poni\u017cszej sekcji wyszczeg\u00f3lniono, kt\u00f3re pliki cookie stron trzecich mo\u017cna napotka\u0107 za po\u015brednictwem tej witryny.<\/p>\n\n\n\n<ul class=\"wp-block-list\">\n<li>Ta strona korzysta z Google Analytics, kt\u00f3re jest jednym z najbardziej rozpowszechnionych i zaufanych rozwi\u0105za\u0144 analitycznych w sieci, aby pom\u00f3c nam zrozumie\u0107, w jaki spos\u00f3b korzystasz z witryny i jak mo\u017cemy poprawi\u0107 Twoje wra\u017cenia. Te pliki cookie mog\u0105 \u015bledzi\u0107 takie rzeczy, jak czas sp\u0119dzony w witrynie i odwiedzane strony, aby\u015bmy mogli nadal tworzy\u0107 interesuj\u0105ce tre\u015bci.<\/li>\n<\/ul>\n\n\n\n<p>Wi\u0119cej informacji na temat plik\u00f3w cookie Google Analytics mo\u017cna znale\u017a\u0107 na oficjalnej stronie Google Analytics.<\/p>\n\n\n\n<ul class=\"wp-block-list\">\n<li>Zewn\u0119trzne narz\u0119dzia analityczne s\u0142u\u017c\u0105 do \u015bledzenia i mierzenia korzystania z tej witryny, aby\u015bmy mogli nadal tworzy\u0107 interesuj\u0105ce tre\u015bci. Te pliki cookie mog\u0105 \u015bledzi\u0107 takie rzeczy, jak czas sp\u0119dzony w witrynie lub odwiedzane strony, co pomaga nam zrozumie\u0107, w jaki spos\u00f3b mo\u017cemy ulepszy\u0107 witryn\u0119 dla Ciebie.<\/li>\n\n\n\n<li>Okresowo testujemy nowe funkcje i wprowadzamy subtelne zmiany w wygl\u0105dzie strony. Kiedy wci\u0105\u017c testujemy nowe funkcje, te pliki cookie mog\u0105 by\u0107 u\u017cywane w celu zapewnienia sp\u00f3jnego korzystania z witryny przy jednoczesnym zrozumieniu, kt\u00f3re optymalizacje nasi u\u017cytkownicy ceni\u0105 sobie najbardziej.<\/li>\n\n\n\n<li>Poniewa\u017c sprzedajemy produkty, wa\u017cne jest dla nas zrozumienie statystyk dotycz\u0105cych liczby os\u00f3b odwiedzaj\u0105cych nasz\u0105 witryn\u0119, kt\u00f3re faktycznie dokonuj\u0105 zakupu, a zatem jest to rodzaj danych, kt\u00f3re b\u0119d\u0105 \u015bledzone przez te pliki cookie. Jest to dla Ciebie wa\u017cne, poniewa\u017c oznacza, \u017ce mo\u017cemy dok\u0142adnie prognozowa\u0107 biznes, co pozwala nam analizowa\u0107 koszty naszych reklam i produkt\u00f3w, aby zapewni\u0107 najlepsz\u0105 mo\u017cliw\u0105 cen\u0119.<\/li>\n\n\n\n<li>Us\u0142uga Google AdSense, kt\u00f3rej u\u017cywamy do wy\u015bwietlania reklam, wykorzystuje plik cookie DoubleClick, aby wy\u015bwietla\u0107 trafniejsze reklamy w Internecie i ogranicza\u0107 liczb\u0119 wy\u015bwietle\u0144 okre\u015blonej reklamy.<br>Aby uzyska\u0107 wi\u0119cej informacji na temat AdSense, zobacz oficjalne najcz\u0119\u015bciej zadawane pytania dotycz\u0105ce prywatno\u015bci AdSense.<\/li>\n\n\n\n<li>U\u017cywamy reklam, aby zrekompensowa\u0107 koszty prowadzenia tej witryny i zapewni\u0107 fundusze na przysz\u0142y rozw\u00f3j. Pliki cookie reklam behawioralnych u\u017cywane przez t\u0119 witryn\u0119 maj\u0105 na celu zapewnienie, \u017ce w miar\u0119 mo\u017cliwo\u015bci dostarczamy Ci najbardziej odpowiednie reklamy, anonimowo \u015bledz\u0105c Twoje zainteresowania i prezentuj\u0105c podobne rzeczy, kt\u00f3re mog\u0105 Ci\u0119 zainteresowa\u0107.<\/li>\n\n\n\n<li>R\u00f3\u017cni partnerzy reklamuj\u0105 si\u0119 w naszym imieniu, a \u015bledz\u0105ce pliki cookie podmiot\u00f3w stowarzyszonych pozwalaj\u0105 nam po prostu sprawdzi\u0107, czy nasi klienci uzyskali dost\u0119p do witryny za po\u015brednictwem witryn jednego z naszych partner\u00f3w, aby\u015bmy mogli odpowiednio ich oznaczy\u0107 i, w stosownych przypadkach, umo\u017cliwi\u0107 naszym partnerom stowarzyszonym oferowanie wszelkich promocji kt\u00f3re mog\u0105 zapewni\u0107 Ci dokonanie zakupu.<\/li>\n<\/ul>\n\n\n\n<h3 class=\"wp-block-heading\" id=\"compromisso-do-usuario\">Zobowi\u0105zanie u\u017cytkownika<\/h3>\n\n\n\n<p>U\u017cytkownik zobowi\u0105zuje si\u0119 do w\u0142a\u015bciwego korzystania z tre\u015bci i informacji, kt\u00f3re Bee News oferuje na stronie internetowej i kt\u00f3re maj\u0105 charakter informacyjny, ale nie ograniczaj\u0105cy:<\/p>\n\n\n\n<ul class=\"wp-block-list\">\n<li>A) Nie anga\u017cowa\u0107 si\u0119 w dzia\u0142ania niezgodne z prawem lub sprzeczne z dobr\u0105 wiar\u0105 i porz\u0105dkiem publicznym;<\/li>\n\n\n\n<li>B) Nierozpowszechniania propagandy lub tre\u015bci o charakterze rasistowskim, ksenofobicznym lub pechowym, wszelkiego rodzaju nielegalnej pornografii, przeprosin za terroryzm lub przeciwko prawom cz\u0142owieka;<\/li>\n\n\n\n<li>C) Nie wyrz\u0105dza\u0107 szk\u00f3d w systemach fizycznych (sprz\u0119towych) i logicznych (oprogramowaniu) Bee News, jej dostawc\u00f3w lub os\u00f3b trzecich, wprowadza\u0107 lub rozpowszechnia\u0107 wirus\u00f3w komputerowych lub jakiegokolwiek innego sprz\u0119tu lub oprogramowania, kt\u00f3re mog\u0105 spowodowa\u0107 szkody, o kt\u00f3rych mowa powy\u017cej.<\/li>\n<\/ul>\n\n\n\n<h3 class=\"wp-block-heading\" id=\"mais-informacoes\">Wi\u0119cej informacji<\/h3>\n\n\n\n<p>Mamy nadziej\u0119, \u017ce zosta\u0142o to wyja\u015bnione i jak wspomniano wcze\u015bniej, je\u015bli nie jeste\u015b pewien, czy czego\u015b potrzebujesz, generalnie bezpieczniej jest pozostawi\u0107 w\u0142\u0105czon\u0105 obs\u0142ug\u0119 plik\u00f3w cookie, je\u015bli korzystasz z jednej z funkcji u\u017cywanych w naszej witrynie.<\/p>\n\n\n\n<p>Niniejsza polityka obowi\u0105zuje od&nbsp;<strong>Luty<\/strong>\/<strong>2022<\/strong>.<\/p>","protected":false},"excerpt":{"rendered":"<p>A sua privacidade \u00e9 importante para n\u00f3s. \u00c9 pol\u00edtica do Bee News respeitar a sua privacidade em rela\u00e7\u00e3o a qualquer informa\u00e7\u00e3o sua que possamos coletar no site\u00a0Bee News, e outros sites que possu\u00edmos e operamos. Solicitamos informa\u00e7\u00f5es pessoais apenas quando realmente precisamos delas para lhe fornecer um servi\u00e7o. Fazemo-lo por meios justos e legais, com [&hellip;]<\/p>\n","protected":false},"author":8,"featured_media":0,"parent":0,"menu_order":0,"comment_status":"closed","ping_status":"closed","template":"","meta":{"footnotes":""},"class_list":["post-124","page","type-page","status-publish"],"_links":{"self":[{"href":"https:\/\/beenews.com.br\/pl\/wp-json\/wp\/v2\/pages\/124","targetHints":{"allow":["GET"]}}],"collection":[{"href":"https:\/\/beenews.com.br\/pl\/wp-json\/wp\/v2\/pages"}],"about":[{"href":"https:\/\/beenews.com.br\/pl\/wp-json\/wp\/v2\/types\/page"}],"author":[{"embeddable":true,"href":"https:\/\/beenews.com.br\/pl\/wp-json\/wp\/v2\/users\/8"}],"replies":[{"embeddable":true,"href":"https:\/\/beenews.com.br\/pl\/wp-json\/wp\/v2\/comments?post=124"}],"version-history":[{"count":0,"href":"https:\/\/beenews.com.br\/pl\/wp-json\/wp\/v2\/pages\/124\/revisions"}],"wp:attachment":[{"href":"https:\/\/beenews.com.br\/pl\/wp-json\/wp\/v2\/media?parent=124"}],"curies":[{"name":"wp","href":"https:\/\/api.w.org\/{rel}","templated":true}]}}