{"id":128,"date":"2022-02-11T17:54:17","date_gmt":"2022-02-11T17:54:17","guid":{"rendered":"https:\/\/beenews.com.br\/?page_id=128"},"modified":"2023-03-14T04:30:57","modified_gmt":"2023-03-14T04:30:57","slug":"gebruiksvoorwaarden","status":"publish","type":"page","link":"https:\/\/beenews.com.br\/nl\/termos-de-uso\/","title":{"rendered":"Gebruiksvoorwaarden"},"content":{"rendered":"<h2 class=\"wp-block-heading\" id=\"1-termos\">1. Voorwaarden<\/h2>\n\n\n\n<p>Bij toegang tot de website\u00a0<a href=\"https:\/\/beenews.com.br\/nl\/\">Bijen nieuws<\/a>, ga ermee akkoord om te voldoen aan deze servicevoorwaarden, alle toepasselijke wet- en regelgeving, en ga ermee akkoord dat u verantwoordelijk bent voor de naleving van alle toepasselijke lokale wetten. Als u niet akkoord gaat met een van deze voorwaarden, is het u verboden deze website te gebruiken of te bezoeken. Het materiaal op deze site wordt beschermd door toepasselijke auteursrecht- en handelsmerkwetten.<\/p>\n\n\n\n<h2 class=\"wp-block-heading\" id=\"2-uso-de-licenca\">2. Gebruik van licentie<\/h2>\n\n\n\n<p>Toestemming wordt verleend om tijdelijk \u00e9\u00e9n exemplaar van het materiaal (informatie of software) op de website van Bee News te downloaden voor persoonlijke, niet-commerci\u00eble, tijdelijke bezichtiging. Dit is de verlening van een licentie, geen eigendomsoverdracht, en onder deze licentie mag u niet:\u00a0<\/p>\n\n\n\n<ol class=\"wp-block-list\">\n<li>de materialen wijzigen of kopi\u00ebren;&nbsp;<\/li>\n\n\n\n<li>de materialen gebruiken voor commerci\u00eble doeleinden of voor openbare vertoning (commercieel of niet-commercieel);&nbsp;<\/li>\n\n\n\n<li>proberen software op de Bee News-website te decompileren of reverse-engineeren;\u00a0<\/li>\n\n\n\n<li>alle copyright- of andere eigendomsvermeldingen uit de materialen verwijderen; of&nbsp;<\/li>\n\n\n\n<li>draag de materialen over naar een andere persoon of &#039;spiegel&#039; de materialen op een andere server.<\/li>\n<\/ol>\n\n\n\n<p>Deze licentie wordt automatisch be\u00ebindigd als u een van deze beperkingen overtreedt en kan op elk moment door Bee News worden be\u00ebindigd. Bij het stopzetten van het bekijken van deze materialen of bij be\u00ebindiging van deze licentie, moet u alle gedownloade materialen in uw bezit verwijderen, zowel in elektronische als in gedrukte vorm.<\/p>\n\n\n\n<h2 class=\"wp-block-heading\" id=\"3-isencao-de-responsabilidade\">3. Disclaimer<\/h2>\n\n\n\n<ol class=\"wp-block-list\">\n<li>De materialen op de Bee News-website worden geleverd &#039;zoals ze zijn&#039;. Bee News geeft geen garanties, expliciet of impliciet, en verwerpt en wijst hierbij alle andere garanties af, inclusief maar niet beperkt tot impliciete garanties of voorwaarden van verkoopbaarheid, geschiktheid voor een bepaald doel of niet-schending van intellectueel eigendom of andere inbreuk op rechten. .<\/li>\n\n\n\n<li>Bovendien geeft Bee News geen garantie of doet geen uitspraken met betrekking tot de juistheid, waarschijnlijke resultaten of betrouwbaarheid van het gebruik van de materialen op haar website of anderszins gerelateerd aan deze materialen of op websites die aan deze website zijn gekoppeld.<\/li>\n<\/ol>\n\n\n\n<h2 class=\"wp-block-heading\" id=\"4-limitacoes\">4. Beperkingen<\/h2>\n\n\n\n<p>In geen geval zullen Bee News of zijn leveranciers aansprakelijk zijn voor enige schade (inclusief, maar niet beperkt tot, schade voor verlies van gegevens of winst of als gevolg van bedrijfsonderbreking) die voortvloeit uit uw gebruik van, of onvermogen om de materialen op Bee News te gebruiken , zelfs als Bee News of een door Bee News geautoriseerde vertegenwoordiger mondeling of schriftelijk op de hoogte is gebracht van de mogelijkheid van dergelijke schade. Omdat sommige rechtsgebieden geen beperkingen op impliciete garanties of beperkingen op aansprakelijkheid voor gevolgschade of incidentele schade toestaan, zijn deze beperkingen mogelijk niet op u van toepassing.<\/p>\n\n\n\n<h2 class=\"wp-block-heading\" id=\"5-precisao-dos-materiais\">5. Nauwkeurigheid van materialen<\/h2>\n\n\n\n<p>De materialen die op de website van Bee News verschijnen, kunnen technische, typografische of fotografische fouten bevatten. Bee News garandeert niet dat de materialen op haar website juist, volledig of actueel zijn. Bee News kan te allen tijde zonder voorafgaande kennisgeving wijzigingen aanbrengen in het materiaal op haar website. Bee News doet echter geen enkele toezegging om de materialen bij te werken.<\/p>\n\n\n\n<h2 class=\"wp-block-heading\" id=\"6-links\">6. Koppelingen<\/h2>\n\n\n\n<p>Bee News heeft niet alle sites beoordeeld die aan zijn website zijn gekoppeld en is niet verantwoordelijk voor de inhoud van dergelijke gelinkte sites. Het opnemen van een link impliceert geen goedkeuring door Bee News van de site. Het gebruik van een gelinkte site is op eigen risico van de gebruiker.<\/p>\n\n\n\n<h3 class=\"wp-block-heading\" id=\"modificacoes\">Wijzigingen<\/h3>\n\n\n\n<p>Bee News kan deze servicevoorwaarden op elk moment zonder voorafgaande kennisgeving herzien. Door deze website te gebruiken, stemt u ermee in gebonden te zijn aan de huidige versie van deze servicevoorwaarden.<\/p>\n\n\n\n<h3 class=\"wp-block-heading\" id=\"lei-aplicavel\">Toepasselijk recht<\/h3>\n\n\n\n<p>Deze algemene voorwaarden worden beheerst door en ge\u00efnterpreteerd in overeenstemming met de wetten van Bee News en u onderwerpt zich onherroepelijk aan de exclusieve jurisdictie van de rechtbanken in die staat of plaats.<\/p>","protected":false},"excerpt":{"rendered":"<p>1. Termos Ao acessar ao site\u00a0Bee News, concorda em cumprir estes termos de servi\u00e7o, todas as leis e regulamentos aplic\u00e1veis \u200b\u200be concorda que \u00e9 respons\u00e1vel pelo cumprimento de todas as leis locais aplic\u00e1veis. Se voc\u00ea n\u00e3o concordar com algum desses termos, est\u00e1 proibido de usar ou acessar este site. Os materiais contidos neste site s\u00e3o [&hellip;]<\/p>\n","protected":false},"author":8,"featured_media":0,"parent":0,"menu_order":0,"comment_status":"closed","ping_status":"closed","template":"","meta":{"footnotes":""},"class_list":["post-128","page","type-page","status-publish"],"_links":{"self":[{"href":"https:\/\/beenews.com.br\/nl\/wp-json\/wp\/v2\/pages\/128","targetHints":{"allow":["GET"]}}],"collection":[{"href":"https:\/\/beenews.com.br\/nl\/wp-json\/wp\/v2\/pages"}],"about":[{"href":"https:\/\/beenews.com.br\/nl\/wp-json\/wp\/v2\/types\/page"}],"author":[{"embeddable":true,"href":"https:\/\/beenews.com.br\/nl\/wp-json\/wp\/v2\/users\/8"}],"replies":[{"embeddable":true,"href":"https:\/\/beenews.com.br\/nl\/wp-json\/wp\/v2\/comments?post=128"}],"version-history":[{"count":0,"href":"https:\/\/beenews.com.br\/nl\/wp-json\/wp\/v2\/pages\/128\/revisions"}],"wp:attachment":[{"href":"https:\/\/beenews.com.br\/nl\/wp-json\/wp\/v2\/media?parent=128"}],"curies":[{"name":"wp","href":"https:\/\/api.w.org\/{rel}","templated":true}]}}