{"id":128,"date":"2022-02-11T17:54:17","date_gmt":"2022-02-11T17:54:17","guid":{"rendered":"https:\/\/beenews.com.br\/?page_id=128"},"modified":"2023-03-14T04:30:57","modified_gmt":"2023-03-14T04:30:57","slug":"termini-di-utilizzo","status":"publish","type":"page","link":"https:\/\/beenews.com.br\/it\/termos-de-uso\/","title":{"rendered":"Termini di utilizzo"},"content":{"rendered":"<h2 class=\"wp-block-heading\" id=\"1-termos\">1. Termini<\/h2>\n\n\n\n<p>Quando si accede al sito web\u00a0<a href=\"https:\/\/beenews.com.br\/it\/\">Notizie sulle api<\/a>, accetta di rispettare i presenti termini di servizio, tutte le leggi e i regolamenti applicabili e accetta di essere responsabile del rispetto di tutte le leggi locali applicabili. Se non accetti uno qualsiasi di questi termini, ti \u00e8 proibito utilizzare o accedere a questo sito web. I materiali contenuti in questo sito sono protetti dalle leggi sul diritto d&#039;autore e sui marchi applicabili.<\/p>\n\n\n\n<h2 class=\"wp-block-heading\" id=\"2-uso-de-licenca\">2. Uso della licenza<\/h2>\n\n\n\n<p>\u00c8 concesso il permesso di scaricare temporaneamente una copia dei materiali (informazioni o software) sul sito Web di Bee News solo per la visualizzazione transitoria personale e non commerciale. Questa \u00e8 la concessione di una licenza, non un trasferimento di propriet\u00e0, e in base a questa licenza non puoi:\u00a0<\/p>\n\n\n\n<ol class=\"wp-block-list\">\n<li>modificare o copiare i materiali;&nbsp;<\/li>\n\n\n\n<li>utilizzare i materiali per qualsiasi scopo commerciale o per esposizione pubblica (commerciale o non commerciale);&nbsp;<\/li>\n\n\n\n<li>tentare di decompilare o decodificare qualsiasi software contenuto nel sito web di Bee News;\u00a0<\/li>\n\n\n\n<li>rimuovere qualsiasi copyright o altre notazioni proprietarie dai materiali; O&nbsp;<\/li>\n\n\n\n<li>trasferire i materiali a un&#039;altra persona o eseguire il &quot;mirror&quot; dei materiali su qualsiasi altro server.<\/li>\n<\/ol>\n\n\n\n<p>Questa licenza terminer\u00e0 automaticamente in caso di violazione di una qualsiasi di queste restrizioni e pu\u00f2 essere risolta da Bee News in qualsiasi momento. Al termine della visualizzazione di questi materiali o alla risoluzione di questa licenza, \u00e8 necessario eliminare tutti i materiali scaricati in proprio possesso, sia in formato elettronico che cartaceo.<\/p>\n\n\n\n<h2 class=\"wp-block-heading\" id=\"3-isencao-de-responsabilidade\">3. Dichiarazione di non responsabilit\u00e0<\/h2>\n\n\n\n<ol class=\"wp-block-list\">\n<li>I materiali sul sito Web di Bee News sono forniti &quot;cos\u00ec come sono&quot;. Bee News non fornisce alcuna garanzia, esplicita o implicita, e con la presente declina e declina tutte le altre garanzie, incluse, a titolo esemplificativo, garanzie implicite o condizioni di commerciabilit\u00e0, idoneit\u00e0 per uno scopo particolare o non violazione della propriet\u00e0 intellettuale o altra violazione dei diritti. .<\/li>\n\n\n\n<li>Inoltre, Bee News non garantisce n\u00e9 rilascia alcuna dichiarazione in merito all&#039;accuratezza, ai risultati probabili o all&#039;affidabilit\u00e0 dell&#039;uso dei materiali sul proprio sito Web o altrimenti correlati a tali materiali o sui siti Web collegati a questo sito Web.<\/li>\n<\/ol>\n\n\n\n<h2 class=\"wp-block-heading\" id=\"4-limitacoes\">4. Limitazioni<\/h2>\n\n\n\n<p>In nessun caso Bee News o i suoi fornitori saranno responsabili per eventuali danni (inclusi, a titolo esemplificativo, danni per perdita di dati o profitti o dovuti a interruzione dell&#039;attivit\u00e0) derivanti dall&#039;utilizzo o dall&#039;impossibilit\u00e0 di utilizzare i materiali su Bee News. , anche se Bee News o un rappresentante autorizzato di Bee News \u00e8 stato informato oralmente o per iscritto della possibilit\u00e0 di tali danni. Poich\u00e9 alcune giurisdizioni non consentono limitazioni alle garanzie implicite o limitazioni alla responsabilit\u00e0 per danni consequenziali o incidentali, tali limitazioni potrebbero non essere applicabili all&#039;utente.<\/p>\n\n\n\n<h2 class=\"wp-block-heading\" id=\"5-precisao-dos-materiais\">5. Precisione dei materiali<\/h2>\n\n\n\n<p>I materiali che appaiono sul sito Web di Bee News potrebbero includere errori tecnici, tipografici o fotografici. Bee News non garantisce che nessuno dei materiali sul suo sito Web sia accurato, completo o aggiornato. Bee News pu\u00f2 apportare modifiche ai materiali contenuti nel proprio sito Web in qualsiasi momento senza preavviso. Bee News, tuttavia, non si impegna ad aggiornare i materiali.<\/p>\n\n\n\n<h2 class=\"wp-block-heading\" id=\"6-links\">6. Collegamenti<\/h2>\n\n\n\n<p>Bee News non ha esaminato tutti i siti collegati al proprio sito Web e non \u00e8 responsabile del contenuto di tali siti collegati. L&#039;inclusione di qualsiasi collegamento non implica l&#039;approvazione da parte di Bee News del sito. L&#039;uso di qualsiasi sito collegato \u00e8 a rischio dell&#039;utente.<\/p>\n\n\n\n<h3 class=\"wp-block-heading\" id=\"modificacoes\">Modifiche<\/h3>\n\n\n\n<p>Bee News pu\u00f2 rivedere i presenti termini di servizio del sito Web in qualsiasi momento senza preavviso. Utilizzando questo sito Web, accetti di essere vincolato dalla versione corrente di questi termini di servizio.<\/p>\n\n\n\n<h3 class=\"wp-block-heading\" id=\"lei-aplicavel\">Legge applicabile<\/h3>\n\n\n\n<p>Questi termini e condizioni sono regolati e interpretati in conformit\u00e0 con le leggi di Bee News e l&#039;utente si sottomette irrevocabilmente alla giurisdizione esclusiva dei tribunali di tale stato o localit\u00e0.<\/p>","protected":false},"excerpt":{"rendered":"<p>1. Termos Ao acessar ao site\u00a0Bee News, concorda em cumprir estes termos de servi\u00e7o, todas as leis e regulamentos aplic\u00e1veis \u200b\u200be concorda que \u00e9 respons\u00e1vel pelo cumprimento de todas as leis locais aplic\u00e1veis. Se voc\u00ea n\u00e3o concordar com algum desses termos, est\u00e1 proibido de usar ou acessar este site. Os materiais contidos neste site s\u00e3o [&hellip;]<\/p>\n","protected":false},"author":8,"featured_media":0,"parent":0,"menu_order":0,"comment_status":"closed","ping_status":"closed","template":"","meta":{"footnotes":""},"class_list":["post-128","page","type-page","status-publish"],"_links":{"self":[{"href":"https:\/\/beenews.com.br\/it\/wp-json\/wp\/v2\/pages\/128","targetHints":{"allow":["GET"]}}],"collection":[{"href":"https:\/\/beenews.com.br\/it\/wp-json\/wp\/v2\/pages"}],"about":[{"href":"https:\/\/beenews.com.br\/it\/wp-json\/wp\/v2\/types\/page"}],"author":[{"embeddable":true,"href":"https:\/\/beenews.com.br\/it\/wp-json\/wp\/v2\/users\/8"}],"replies":[{"embeddable":true,"href":"https:\/\/beenews.com.br\/it\/wp-json\/wp\/v2\/comments?post=128"}],"version-history":[{"count":0,"href":"https:\/\/beenews.com.br\/it\/wp-json\/wp\/v2\/pages\/128\/revisions"}],"wp:attachment":[{"href":"https:\/\/beenews.com.br\/it\/wp-json\/wp\/v2\/media?parent=128"}],"curies":[{"name":"parola chiave","href":"https:\/\/api.w.org\/{rel}","templated":true}]}}