{"id":128,"date":"2022-02-11T17:54:17","date_gmt":"2022-02-11T17:54:17","guid":{"rendered":"https:\/\/beenews.com.br\/?page_id=128"},"modified":"2023-03-14T04:30:57","modified_gmt":"2023-03-14T04:30:57","slug":"uvjeti-koristenja","status":"publish","type":"page","link":"https:\/\/beenews.com.br\/hr\/termos-de-uso\/","title":{"rendered":"Uvjeti kori\u0161tenja"},"content":{"rendered":"<h2 class=\"wp-block-heading\" id=\"1-termos\">1. Uvjeti<\/h2>\n\n\n\n<p>Prilikom pristupa web stranici\u00a0<a href=\"https:\/\/beenews.com.br\/hr\/\">P\u010delinje vijesti<\/a>, sla\u017eete se da \u0107ete se pridr\u017eavati ovih uvjeta pru\u017eanja usluge, svih primjenjivih zakona i propisa i sla\u017eete se da ste odgovorni za po\u0161tivanje svih primjenjivih lokalnih zakona. Ako se ne sla\u017eete s bilo kojim od ovih uvjeta, zabranjeno vam je kori\u0161tenje ili pristup ovoj web stranici. Materijali sadr\u017eani na ovoj stranici za\u0161ti\u0107eni su va\u017ee\u0107im zakonima o autorskim pravima i za\u0161titnim znakovima.<\/p>\n\n\n\n<h2 class=\"wp-block-heading\" id=\"2-uso-de-licenca\">2. Kori\u0161tenje licence<\/h2>\n\n\n\n<p>Dopu\u0161teno je privremeno preuzimanje jedne kopije materijala (informacija ili softvera) na web stranici Bee Newsa samo za osobno, nekomercijalno prolazno gledanje. Ovo je dodjela licence, a ne prijenos vlasni\u0161tva, i prema ovoj licenci ne smijete:\u00a0<\/p>\n\n\n\n<ol class=\"wp-block-list\">\n<li>mijenjati ili kopirati materijale;&nbsp;<\/li>\n\n\n\n<li>koristiti materijale u bilo koju komercijalnu svrhu ili za javno prikazivanje (komercijalno ili nekomercijalno);&nbsp;<\/li>\n\n\n\n<li>poku\u0161ati dekompilirati ili obrnuti in\u017eenjering bilo kojeg softvera sadr\u017eanog na web stranici Bee News;\u00a0<\/li>\n\n\n\n<li>ukloniti sva autorska prava ili druge vlasni\u010dke oznake iz materijala; ili&nbsp;<\/li>\n\n\n\n<li>prenijeti materijale drugoj osobi ili &#039;zrcaliti&#039; materijale na bilo kojem drugom poslu\u017eitelju.<\/li>\n<\/ol>\n\n\n\n<p>Ova \u0107e licenca automatski prestati ako prekr\u0161ite bilo koje od ovih ograni\u010denja, a Bee News je mo\u017ee raskinuti u bilo kojem trenutku. Nakon prestanka pregledavanja ovih materijala ili nakon raskida ove licence, morate izbrisati sve preuzete materijale u svom posjedu, bilo u elektroni\u010dkom ili tiskanom obliku.<\/p>\n\n\n\n<h2 class=\"wp-block-heading\" id=\"3-isencao-de-responsabilidade\">3. Odricanje od odgovornosti<\/h2>\n\n\n\n<ol class=\"wp-block-list\">\n<li>Materijali na web stranici Bee News dostupni su &#039;kakvi jesu&#039;. Bee News ne daje nikakva jamstva, izri\u010dita ili pre\u0161utna, te se ovime odri\u010de i odri\u010de svih drugih jamstava, uklju\u010duju\u0107i, bez ograni\u010denja, implicitna jamstva ili uvjete utr\u017eivosti, prikladnosti za odre\u0111enu svrhu ili nekr\u0161enja intelektualnog vlasni\u0161tva ili drugog kr\u0161enja prava .<\/li>\n\n\n\n<li>Nadalje, Bee News ne jam\u010di niti daje bilo kakve izjave o to\u010dnosti, vjerojatnim rezultatima ili pouzdanosti kori\u0161tenja materijala na svojoj web stranici ili na drugi na\u010din povezanih s tim materijalima ili na web stranicama povezanim s ovom web stranicom.<\/li>\n<\/ol>\n\n\n\n<h2 class=\"wp-block-heading\" id=\"4-limitacoes\">4. Ograni\u010denja<\/h2>\n\n\n\n<p>Ni u kojem slu\u010daju Bee News ili njegovi dobavlja\u010di ne\u0107e biti odgovorni za bilo kakvu \u0161tetu (uklju\u010duju\u0107i, bez ograni\u010denja, \u0161tetu zbog gubitka podataka ili dobiti ili zbog prekida poslovanja) proiza\u0161lu iz va\u0161e uporabe ili nemogu\u0107nosti kori\u0161tenja materijala na Bee Newsu , \u010dak i ako je Bee News ili ovla\u0161teni predstavnik Bee News usmeno ili pismeno obavije\u0161ten o mogu\u0107nosti takve \u0161tete. Budu\u0107i da neke jurisdikcije ne dopu\u0161taju ograni\u010denja implicitnih jamstava ili ograni\u010denja odgovornosti za posljedi\u010dne ili slu\u010dajne \u0161tete, ta se ograni\u010denja mo\u017eda ne odnose na vas.<\/p>\n\n\n\n<h2 class=\"wp-block-heading\" id=\"5-precisao-dos-materiais\">5. To\u010dnost materijala<\/h2>\n\n\n\n<p>Materijali koji se pojavljuju na web stranici Bee News mogu sadr\u017eavati tehni\u010dke, tipografske ili fotografske pogre\u0161ke. Bee News ne jam\u010di da je bilo koji materijal na njegovoj web stranici to\u010dan, potpun ili aktualan. Bee News mo\u017ee mijenjati materijale sadr\u017eane na svojoj web stranici u bilo kojem trenutku bez prethodne obavijesti. Me\u0111utim, Bee News se ne obvezuje a\u017eurirati materijale.<\/p>\n\n\n\n<h2 class=\"wp-block-heading\" id=\"6-links\">6. Poveznice<\/h2>\n\n\n\n<p>Bee News nije pregledao sve stranice povezane s njihovom web stranicom i nije odgovoran za sadr\u017eaj bilo koje takve povezane stranice. Uklju\u010divanje bilo koje veze ne zna\u010di da Bee News podr\u017eava web mjesto. Kori\u0161tenje bilo koje povezane stranice je na vlastitu odgovornost korisnika.<\/p>\n\n\n\n<h3 class=\"wp-block-heading\" id=\"modificacoes\">Izmjene<\/h3>\n\n\n\n<p>Bee News mo\u017ee revidirati ove uvjete pru\u017eanja usluge u bilo kojem trenutku bez prethodne obavijesti. Kori\u0161tenjem ove web stranice suglasni ste s trenutnom verzijom ovih uvjeta pru\u017eanja usluge.<\/p>\n\n\n\n<h3 class=\"wp-block-heading\" id=\"lei-aplicavel\">Mjerodavno pravo<\/h3>\n\n\n\n<p>Ovi uvjeti i odredbe ure\u0111eni su i tuma\u010de se u skladu sa zakonima Bee Newsa i vi se neopozivo podvrgavate isklju\u010divoj nadle\u017enosti sudova u toj dr\u017eavi ili mjestu.<\/p>","protected":false},"excerpt":{"rendered":"<p>1. Termos Ao acessar ao site\u00a0Bee News, concorda em cumprir estes termos de servi\u00e7o, todas as leis e regulamentos aplic\u00e1veis \u200b\u200be concorda que \u00e9 respons\u00e1vel pelo cumprimento de todas as leis locais aplic\u00e1veis. Se voc\u00ea n\u00e3o concordar com algum desses termos, est\u00e1 proibido de usar ou acessar este site. Os materiais contidos neste site s\u00e3o [&hellip;]<\/p>\n","protected":false},"author":8,"featured_media":0,"parent":0,"menu_order":0,"comment_status":"closed","ping_status":"closed","template":"","meta":{"footnotes":""},"class_list":["post-128","page","type-page","status-publish"],"_links":{"self":[{"href":"https:\/\/beenews.com.br\/hr\/wp-json\/wp\/v2\/pages\/128","targetHints":{"allow":["GET"]}}],"collection":[{"href":"https:\/\/beenews.com.br\/hr\/wp-json\/wp\/v2\/pages"}],"about":[{"href":"https:\/\/beenews.com.br\/hr\/wp-json\/wp\/v2\/types\/page"}],"author":[{"embeddable":true,"href":"https:\/\/beenews.com.br\/hr\/wp-json\/wp\/v2\/users\/8"}],"replies":[{"embeddable":true,"href":"https:\/\/beenews.com.br\/hr\/wp-json\/wp\/v2\/comments?post=128"}],"version-history":[{"count":0,"href":"https:\/\/beenews.com.br\/hr\/wp-json\/wp\/v2\/pages\/128\/revisions"}],"wp:attachment":[{"href":"https:\/\/beenews.com.br\/hr\/wp-json\/wp\/v2\/media?parent=128"}],"curies":[{"name":"radni list","href":"https:\/\/api.w.org\/{rel}","templated":true}]}}