{"id":128,"date":"2022-02-11T17:54:17","date_gmt":"2022-02-11T17:54:17","guid":{"rendered":"https:\/\/beenews.com.br\/?page_id=128"},"modified":"2023-03-14T04:30:57","modified_gmt":"2023-03-14T04:30:57","slug":"nutzungsbedingungen","status":"publish","type":"page","link":"https:\/\/beenews.com.br\/de\/termos-de-uso\/","title":{"rendered":"Nutzungsbedingungen"},"content":{"rendered":"<h2 class=\"wp-block-heading\" id=\"1-termos\">1. Bedingungen<\/h2>\n\n\n\n<p>Beim Zugriff auf die Website\u00a0<a href=\"https:\/\/beenews.com.br\/de\/\">Bienen-News<\/a>, erkl\u00e4ren Sie sich damit einverstanden, diese Nutzungsbedingungen, alle anwendbaren Gesetze und Vorschriften einzuhalten, und stimmen Sie zu, dass Sie f\u00fcr die Einhaltung aller anwendbaren lokalen Gesetze verantwortlich sind. Wenn Sie einer dieser Bedingungen nicht zustimmen, ist es Ihnen untersagt, diese Website zu nutzen oder darauf zuzugreifen. Die auf dieser Website enthaltenen Materialien sind durch geltende Urheber- und Markenrechte gesch\u00fctzt.<\/p>\n\n\n\n<h2 class=\"wp-block-heading\" id=\"2-uso-de-licenca\">2. Nutzung der Lizenz<\/h2>\n\n\n\n<p>Es wird die Erlaubnis erteilt, vor\u00fcbergehend eine Kopie der Materialien (Informationen oder Software) auf der Website von Bee News herunterzuladen, nur f\u00fcr die pers\u00f6nliche, nicht kommerzielle vor\u00fcbergehende Betrachtung. Dies ist die Erteilung einer Lizenz, keine Eigentums\u00fcbertragung, und unter dieser Lizenz d\u00fcrfen Sie nicht:\u00a0<\/p>\n\n\n\n<ol class=\"wp-block-list\">\n<li>die Materialien modifizieren oder kopieren;&nbsp;<\/li>\n\n\n\n<li>die Materialien f\u00fcr kommerzielle Zwecke oder zur \u00f6ffentlichen Pr\u00e4sentation (kommerziell oder nichtkommerziell) zu verwenden;&nbsp;<\/li>\n\n\n\n<li>versuchen, auf der Bee News-Website enthaltene Software zu dekompilieren oder zur\u00fcckzuentwickeln;\u00a0<\/li>\n\n\n\n<li>Urheberrechts- oder andere Eigentumsvermerke von den Materialien entfernen; oder&nbsp;<\/li>\n\n\n\n<li>\u00dcbertragen Sie die Materialien an eine andere Person oder \u201espiegeln\u201c Sie die Materialien auf einem anderen Server.<\/li>\n<\/ol>\n\n\n\n<p>Diese Lizenz endet automatisch, wenn Sie gegen eine dieser Einschr\u00e4nkungen versto\u00dfen, und kann von Bee News jederzeit gek\u00fcndigt werden. Wenn Sie aufh\u00f6ren, diese Materialien anzusehen oder diese Lizenz zu k\u00fcndigen, m\u00fcssen Sie alle heruntergeladenen Materialien in Ihrem Besitz l\u00f6schen, egal ob in elektronischer oder gedruckter Form.<\/p>\n\n\n\n<h2 class=\"wp-block-heading\" id=\"3-isencao-de-responsabilidade\">3. Haftungsausschluss<\/h2>\n\n\n\n<ol class=\"wp-block-list\">\n<li>Die Materialien auf der Bee News-Website werden ohne M\u00e4ngelgew\u00e4hr bereitgestellt. Bee News gibt keine Garantien, weder ausdr\u00fccklich noch stillschweigend, und lehnt hiermit alle anderen Garantien ab, einschlie\u00dflich, aber nicht beschr\u00e4nkt auf stillschweigende Garantien oder Bedingungen der Marktg\u00e4ngigkeit, Eignung f\u00fcr einen bestimmten Zweck oder Nichtverletzung von geistigem Eigentum oder andere Rechtsverletzungen .<\/li>\n\n\n\n<li>Dar\u00fcber hinaus garantiert oder gibt Bee News keine Zusicherungen hinsichtlich der Genauigkeit, der wahrscheinlichen Ergebnisse oder der Zuverl\u00e4ssigkeit der Nutzung der Materialien auf seiner Website oder anderweitig im Zusammenhang mit diesen Materialien oder auf Websites, die mit dieser Website verlinkt sind.<\/li>\n<\/ol>\n\n\n\n<h2 class=\"wp-block-heading\" id=\"4-limitacoes\">4. Einschr\u00e4nkungen<\/h2>\n\n\n\n<p>In keinem Fall haften Bee News oder seine Lieferanten f\u00fcr Sch\u00e4den (einschlie\u00dflich, aber nicht beschr\u00e4nkt auf Sch\u00e4den aus Daten- oder Gewinnverlust oder aufgrund von Betriebsunterbrechungen), die sich aus Ihrer Nutzung oder Unf\u00e4higkeit zur Nutzung der Materialien auf Bee News ergeben , selbst wenn Bee News oder ein bevollm\u00e4chtigter Vertreter von Bee News m\u00fcndlich oder schriftlich \u00fcber die M\u00f6glichkeit solcher Sch\u00e4den informiert wurde. Da einige Gerichtsbarkeiten Beschr\u00e4nkungen stillschweigender Gew\u00e4hrleistungen oder Beschr\u00e4nkungen der Haftung f\u00fcr Folge- oder Nebensch\u00e4den nicht zulassen, gelten diese Beschr\u00e4nkungen m\u00f6glicherweise nicht f\u00fcr Sie.<\/p>\n\n\n\n<h2 class=\"wp-block-heading\" id=\"5-precisao-dos-materiais\">5. Materialgenauigkeit<\/h2>\n\n\n\n<p>Die auf der Website von Bee News erscheinenden Materialien k\u00f6nnen technische, typografische oder fotografische Fehler enthalten. Bee News garantiert nicht, dass die Materialien auf seiner Website korrekt, vollst\u00e4ndig oder aktuell sind. Bee News kann jederzeit ohne Vorank\u00fcndigung \u00c4nderungen an den auf seiner Website enthaltenen Materialien vornehmen. Bee News verpflichtet sich jedoch nicht, die Materialien zu aktualisieren.<\/p>\n\n\n\n<h2 class=\"wp-block-heading\" id=\"6-links\">6. Verkn\u00fcpfungen<\/h2>\n\n\n\n<p>Bee News hat nicht alle mit seiner Website verlinkten Websites \u00fcberpr\u00fcft und ist nicht verantwortlich f\u00fcr den Inhalt einer solchen verlinkten Website. Die Aufnahme eines Links bedeutet nicht, dass Bee News die Website billigt. Die Nutzung einer verlinkten Website erfolgt auf eigenes Risiko des Benutzers.<\/p>\n\n\n\n<h3 class=\"wp-block-heading\" id=\"modificacoes\">Modifikationen<\/h3>\n\n\n\n<p>Bee News kann diese Nutzungsbedingungen der Website jederzeit ohne Vorank\u00fcndigung \u00e4ndern. Durch die Nutzung dieser Website stimmen Sie zu, an die aktuelle Version dieser Nutzungsbedingungen gebunden zu sein.<\/p>\n\n\n\n<h3 class=\"wp-block-heading\" id=\"lei-aplicavel\">Anwendbares Recht<\/h3>\n\n\n\n<p>Diese Allgemeinen Gesch\u00e4ftsbedingungen unterliegen den Gesetzen von Bee News und werden in \u00dcbereinstimmung mit diesen ausgelegt, und Sie unterwerfen sich unwiderruflich der ausschlie\u00dflichen Zust\u00e4ndigkeit der Gerichte in diesem Staat oder Ort.<\/p>","protected":false},"excerpt":{"rendered":"<p>1. Termos Ao acessar ao site\u00a0Bee News, concorda em cumprir estes termos de servi\u00e7o, todas as leis e regulamentos aplic\u00e1veis \u200b\u200be concorda que \u00e9 respons\u00e1vel pelo cumprimento de todas as leis locais aplic\u00e1veis. Se voc\u00ea n\u00e3o concordar com algum desses termos, est\u00e1 proibido de usar ou acessar este site. Os materiais contidos neste site s\u00e3o [&hellip;]<\/p>\n","protected":false},"author":8,"featured_media":0,"parent":0,"menu_order":0,"comment_status":"closed","ping_status":"closed","template":"","meta":{"footnotes":""},"class_list":["post-128","page","type-page","status-publish"],"_links":{"self":[{"href":"https:\/\/beenews.com.br\/de\/wp-json\/wp\/v2\/pages\/128","targetHints":{"allow":["GET"]}}],"collection":[{"href":"https:\/\/beenews.com.br\/de\/wp-json\/wp\/v2\/pages"}],"about":[{"href":"https:\/\/beenews.com.br\/de\/wp-json\/wp\/v2\/types\/page"}],"author":[{"embeddable":true,"href":"https:\/\/beenews.com.br\/de\/wp-json\/wp\/v2\/users\/8"}],"replies":[{"embeddable":true,"href":"https:\/\/beenews.com.br\/de\/wp-json\/wp\/v2\/comments?post=128"}],"version-history":[{"count":0,"href":"https:\/\/beenews.com.br\/de\/wp-json\/wp\/v2\/pages\/128\/revisions"}],"wp:attachment":[{"href":"https:\/\/beenews.com.br\/de\/wp-json\/wp\/v2\/media?parent=128"}],"curies":[{"name":"wp","href":"https:\/\/api.w.org\/{rel}","templated":true}]}}