{"id":124,"date":"2022-02-11T17:52:29","date_gmt":"2022-02-11T17:52:29","guid":{"rendered":"https:\/\/beenews.com.br\/?page_id=124"},"modified":"2023-03-14T04:30:57","modified_gmt":"2023-03-14T04:30:57","slug":"datenschutz-bestimmungen","status":"publish","type":"page","link":"https:\/\/beenews.com.br\/de\/politica-de-privacidade\/","title":{"rendered":"Datenschutz-Bestimmungen"},"content":{"rendered":"<p>Ihre Privatsph\u00e4re ist uns wichtig. Es ist die Richtlinie von Bee News, Ihre Privatsph\u00e4re in Bezug auf alle Informationen zu respektieren, die wir m\u00f6glicherweise von Ihnen auf der Website sammeln.\u00a0<a href=\"https:\/\/beenews.com.br\/de\/\">Bienen-News<\/a>, und andere Websites, die wir besitzen und betreiben.<\/p>\n\n\n\n<p>Wir fragen nur dann nach personenbezogenen Daten, wenn wir sie wirklich ben\u00f6tigen, um Ihnen einen Service zu bieten. Wir tun dies mit fairen und rechtm\u00e4\u00dfigen Mitteln, mit Ihrem Wissen und Ihrer Zustimmung. Wir teilen Ihnen auch mit, warum wir sie sammeln und wie sie verwendet werden.<\/p>\n\n\n\n<p>Wir bewahren gesammelte Informationen nur so lange auf, wie es f\u00fcr die Bereitstellung des angeforderten Dienstes erforderlich ist. Wenn wir Daten speichern, sch\u00fctzen wir sie mit wirtschaftlich akzeptablen Mitteln, um Verlust und Diebstahl sowie unbefugten Zugriff, Offenlegung, Kopieren, Verwendung oder \u00c4nderung zu verhindern.<\/p>\n\n\n\n<p>Wir geben personenbezogene Daten nicht \u00f6ffentlich oder an Dritte weiter, es sei denn, dies ist gesetzlich vorgeschrieben.<\/p>\n\n\n\n<p>Unsere Website kann Links zu externen Websites enthalten, die nicht von uns betrieben werden. Bitte beachten Sie, dass wir keine Kontrolle \u00fcber den Inhalt und die Praktiken dieser Websites haben und keine Verantwortung f\u00fcr ihre jeweiligen Datenschutzrichtlinien \u00fcbernehmen k\u00f6nnen.<\/p>\n\n\n\n<p>Es steht Ihnen frei, unsere Anfrage nach personenbezogenen Daten abzulehnen, da wir Ihnen m\u00f6glicherweise einige der gew\u00fcnschten Dienstleistungen nicht anbieten k\u00f6nnen.<\/p>\n\n\n\n<p>Ihre fortgesetzte Nutzung unserer Website gilt als Zustimmung zu unseren Praktiken in Bezug auf Datenschutz und personenbezogene Daten. Wenn Sie Fragen dazu haben, wie wir mit Benutzerdaten und pers\u00f6nlichen Informationen umgehen, kontaktieren Sie uns bitte.<\/p>\n\n\n\n<h2 class=\"wp-block-heading\" id=\"politica-de-cookies-lux-mobiles\">Bee News-Cookie-Richtlinie<\/h2>\n\n\n\n<h3 class=\"wp-block-heading\" id=\"o-que-sao-cookies\">Was sind Cookies?<\/h3>\n\n\n\n<p>Wie bei fast allen professionellen Websites \u00fcblich, verwendet diese Website Cookies, kleine Dateien, die auf Ihren Computer heruntergeladen werden, um Ihr Erlebnis zu verbessern. Diese Seite beschreibt, welche Informationen sie sammeln, wie wir sie verwenden und warum wir diese Cookies manchmal speichern m\u00fcssen. Wir teilen Ihnen auch mit, wie Sie verhindern k\u00f6nnen, dass diese Cookies gespeichert werden, dies kann jedoch bestimmte Elemente der Funktionalit\u00e4t der Website herabsetzen oder \u201ebrechen\u201c.<\/p>\n\n\n\n<h3 class=\"wp-block-heading\" id=\"como-usamos-os-cookies\">Wie verwenden wir Cookies?<\/h3>\n\n\n\n<p>Wir verwenden Cookies aus verschiedenen Gr\u00fcnden, die unten aufgef\u00fchrt sind. Leider gibt es in den meisten F\u00e4llen keine branchen\u00fcblichen Optionen zum Deaktivieren von Cookies, ohne die Funktionalit\u00e4t und Features, die sie dieser Website hinzuf\u00fcgen, vollst\u00e4ndig zu deaktivieren. Es wird empfohlen, alle Cookies wegzulassen, wenn Sie sich nicht sicher sind, ob Sie sie ben\u00f6tigen oder nicht, wenn sie zur Bereitstellung eines von Ihnen genutzten Dienstes verwendet werden.<\/p>\n\n\n\n<h3 class=\"wp-block-heading\" id=\"desativar-cookies\">Cookies deaktivieren<\/h3>\n\n\n\n<p>Sie k\u00f6nnen das Setzen von Cookies verhindern, indem Sie Ihre Browsereinstellungen anpassen (Informationen dazu finden Sie in der Hilfe Ihres Browsers). Bitte beachten Sie, dass das Deaktivieren von Cookies die Funktionalit\u00e4t dieser und vieler anderer Websites, die Sie besuchen, beeintr\u00e4chtigt. Das Deaktivieren von Cookies f\u00fchrt im Allgemeinen dazu, dass bestimmte Funktionen und Merkmale dieser Website deaktiviert werden. Daher wird empfohlen, Cookies nicht zu deaktivieren.<\/p>\n\n\n\n<h3 class=\"wp-block-heading\" id=\"cookies-que-definimos\">Cookies, die wir setzen<\/h3>\n\n\n\n<ul class=\"wp-block-list\">\n<li>Kontobezogene Cookies<br><br>Wenn Sie ein Konto bei uns erstellen, verwenden wir Cookies f\u00fcr die Verwaltung des Registrierungsprozesses und die allgemeine Verwaltung. Diese Cookies werden im Allgemeinen gel\u00f6scht, wenn Sie sich abmelden, in einigen F\u00e4llen k\u00f6nnen sie jedoch auch danach bestehen bleiben, um sich an Ihre Website-Einstellungen zu erinnern, wenn Sie sich abmelden.<br><\/li>\n\n\n\n<li>Anmeldebezogene Cookies<br><br>Wir verwenden Cookies, wenn Sie angemeldet sind, damit wir uns an diese Aktion erinnern k\u00f6nnen. Dies erspart Ihnen, sich jedes Mal neu anzumelden, wenn Sie eine neue Seite besuchen. Diese Cookies werden normalerweise entfernt oder gel\u00f6scht, wenn Sie sich abmelden, um sicherzustellen, dass Sie nur auf eingeschr\u00e4nkte Funktionen und Bereiche zugreifen k\u00f6nnen, wenn Sie sich anmelden.<br><\/li>\n\n\n\n<li>Cookies im Zusammenhang mit E-Mail-Newslettern<br><br>Diese Website bietet Newsletter- oder E-Mail-Abonnementdienste an und Cookies k\u00f6nnen verwendet werden, um sich daran zu erinnern, ob Sie bereits registriert sind und ob bestimmte Benachrichtigungen angezeigt werden sollen, die nur f\u00fcr abonnierte\/nicht abonnierte Benutzer g\u00fcltig sind.<br><\/li>\n\n\n\n<li>Bestellungen verarbeiten verwandte Cookies<br><br>Diese Website bietet E-Commerce- oder Zahlungsm\u00f6glichkeiten und einige Cookies sind unerl\u00e4sslich, um sicherzustellen, dass Ihre Bestellung zwischen den Seiten gespeichert wird, damit wir sie ordnungsgem\u00e4\u00df verarbeiten k\u00f6nnen.<br><\/li>\n\n\n\n<li>Suchen Sie nach verwandten Cookies<br><br>Von Zeit zu Zeit bieten wir Umfragen und Quiz an, um Ihnen interessante Informationen, n\u00fctzliche Tools oder unsere Nutzerbasis n\u00e4her zu bringen. Diese Umfragen k\u00f6nnen Cookies verwenden, um sich daran zu erinnern, wer bereits an einer Umfrage teilgenommen hat, oder um nach einem Seitenwechsel genaue Ergebnisse bereitzustellen.<br><\/li>\n\n\n\n<li>Formularbezogene Cookies<br><br>Wenn Sie Daten \u00fcber ein Formular \u00fcbermitteln, wie es auf Kontaktseiten oder Kommentarformularen zu finden ist, k\u00f6nnen Cookies gesetzt werden, um Ihre Benutzerdaten f\u00fcr zuk\u00fcnftige Korrespondenz zu speichern.<br><\/li>\n\n\n\n<li>Website-Pr\u00e4ferenz-Cookies<br><br>Um Ihnen ein optimales Erlebnis auf dieser Website zu bieten, stellen wir Funktionen bereit, mit denen Sie Ihre Pr\u00e4ferenzen f\u00fcr die Leistung dieser Website festlegen k\u00f6nnen, wenn Sie sie verwenden. Um Ihre Pr\u00e4ferenzen zu speichern, m\u00fcssen wir Cookies setzen, damit diese Informationen abgerufen werden k\u00f6nnen, wenn Sie mit einer Seite interagieren, die von Ihren Pr\u00e4ferenzen betroffen ist.<\/li>\n<\/ul>\n\n\n\n<h3 class=\"wp-block-heading\" id=\"cookies-de-terceiros\">Cookies von Drittanbietern<\/h3>\n\n\n\n<p>In einigen Sonderf\u00e4llen verwenden wir auch Cookies, die von vertrauensw\u00fcrdigen Drittanbietern bereitgestellt werden. Der folgende Abschnitt beschreibt, auf welche Cookies von Drittanbietern Sie m\u00f6glicherweise \u00fcber diese Website sto\u00dfen.<\/p>\n\n\n\n<ul class=\"wp-block-list\">\n<li>Diese Website verwendet Google Analytics, eine der am weitesten verbreiteten und vertrauensw\u00fcrdigsten Analysel\u00f6sungen im Internet, damit wir verstehen, wie Sie die Website nutzen und wie wir Ihre Erfahrung verbessern k\u00f6nnen. Diese Cookies k\u00f6nnen beispielsweise nachverfolgen, wie lange Sie auf der Website verbringen und welche Seiten Sie besuchen, damit wir weiterhin ansprechende Inhalte erstellen k\u00f6nnen.<\/li>\n<\/ul>\n\n\n\n<p>Weitere Informationen zu Google Analytics-Cookies finden Sie auf der offiziellen Google Analytics-Seite.<\/p>\n\n\n\n<ul class=\"wp-block-list\">\n<li>Analysen von Drittanbietern werden verwendet, um die Nutzung dieser Website zu verfolgen und zu messen, damit wir weiterhin ansprechende Inhalte erstellen k\u00f6nnen. Diese Cookies k\u00f6nnen beispielsweise nachverfolgen, wie lange Sie auf der Website verbringen oder welche Seiten Sie besuchen, was uns hilft zu verstehen, wie wir die Website f\u00fcr Sie verbessern k\u00f6nnen.<\/li>\n\n\n\n<li>In regelm\u00e4\u00dfigen Abst\u00e4nden testen wir neue Funktionen und nehmen subtile \u00c4nderungen am Aussehen der Website vor. Wenn wir noch neue Funktionen testen, k\u00f6nnen diese Cookies verwendet werden, um sicherzustellen, dass Sie auf der Website ein konsistentes Erlebnis erhalten und gleichzeitig verstehen, welche Optimierungen unsere Benutzer am meisten sch\u00e4tzen.<\/li>\n\n\n\n<li>Da wir Produkte verkaufen, ist es f\u00fcr uns wichtig, Statistiken dar\u00fcber zu verstehen, wie viele Besucher unserer Website tats\u00e4chlich einen Kauf t\u00e4tigen, und daher ist dies die Art von Daten, die diese Cookies verfolgen. Dies ist wichtig f\u00fcr Sie, da wir so genaue Gesch\u00e4ftsprognosen erstellen k\u00f6nnen, die es uns erm\u00f6glichen, unsere Werbe- und Produktkosten zu analysieren, um den bestm\u00f6glichen Preis zu gew\u00e4hrleisten.<\/li>\n\n\n\n<li>Der Google AdSense-Dienst, den wir verwenden, um Ihnen Werbung bereitzustellen, verwendet ein DoubleClick-Cookie, um Ihnen relevantere Anzeigen im gesamten Web bereitzustellen und die Anzahl der Male zu begrenzen, mit denen Ihnen eine bestimmte Anzeige gezeigt wird.<br>Weitere Informationen zu AdSense finden Sie in den offiziellen h\u00e4ufig gestellten Fragen zum Datenschutz von AdSense.<\/li>\n\n\n\n<li>Wir verwenden Werbung, um die Kosten f\u00fcr den Betrieb dieser Website auszugleichen und die Finanzierung f\u00fcr die zuk\u00fcnftige Entwicklung bereitzustellen. Die von dieser Website verwendeten Verhaltens-Werbe-Cookies sollen sicherstellen, dass wir Ihnen nach M\u00f6glichkeit die relevantesten Anzeigen liefern, Ihre Interessen anonym verfolgen und Ihnen \u00e4hnliche Dinge pr\u00e4sentieren, die f\u00fcr Sie von Interesse sein k\u00f6nnten.<\/li>\n\n\n\n<li>Verschiedene Partner werben in unserem Namen und Affiliate-Tracking-Cookies erm\u00f6glichen es uns einfach zu sehen, ob unsere Kunden \u00fcber eine der Websites unserer Partner auf die Website zugegriffen haben, damit wir sie ordnungsgem\u00e4\u00df kreditieren und unseren Affiliate-Partnern gegebenenfalls erlauben k\u00f6nnen, Werbeaktionen anzubieten die Ihnen einen Kauf erm\u00f6glichen k\u00f6nnen.<\/li>\n<\/ul>\n\n\n\n<h3 class=\"wp-block-heading\" id=\"compromisso-do-usuario\">Benutzerbindung<\/h3>\n\n\n\n<p>Der Benutzer verpflichtet sich, die Inhalte und Informationen, die Bee News auf der Website anbietet, ordnungsgem\u00e4\u00df zu nutzen und mit einem aussagekr\u00e4ftigen, aber nicht einschr\u00e4nkenden Charakter:<\/p>\n\n\n\n<ul class=\"wp-block-list\">\n<li>A) sich nicht an Aktivit\u00e4ten zu beteiligen, die illegal sind oder gegen Treu und Glauben und die \u00f6ffentliche Ordnung versto\u00dfen;<\/li>\n\n\n\n<li>B) keine Propaganda oder Inhalte rassistischer, fremdenfeindlicher oder ungl\u00fccklicher Natur, jede Art von illegaler Pornografie, Entschuldigung f\u00fcr Terrorismus oder gegen die Menschenrechte zu verbreiten;<\/li>\n\n\n\n<li>C) Keine Sch\u00e4den an den physischen (Hardware) und logischen (Software) Systemen von Bee News, seinen Lieferanten oder Dritten zu verursachen, Computerviren oder andere Hardware- oder Softwaresysteme einzuf\u00fchren oder zu verbreiten, die in der Lage sind, die oben genannten Sch\u00e4den zu verursachen.<\/li>\n<\/ul>\n\n\n\n<h3 class=\"wp-block-heading\" id=\"mais-informacoes\">Mehr Informationen<\/h3>\n\n\n\n<p>Hoffentlich ist das gekl\u00e4rt, und wie bereits erw\u00e4hnt, wenn Sie sich nicht sicher sind, ob Sie etwas brauchen oder nicht, ist es im Allgemeinen sicherer, Cookies aktiviert zu lassen, wenn Sie mit einer der Funktionen interagieren, die Sie auf unserer Website verwenden.<\/p>\n\n\n\n<p>Diese Richtlinie gilt ab&nbsp;<strong>Februar<\/strong>\/<strong>2022<\/strong>.<\/p>","protected":false},"excerpt":{"rendered":"<p>A sua privacidade \u00e9 importante para n\u00f3s. \u00c9 pol\u00edtica do Bee News respeitar a sua privacidade em rela\u00e7\u00e3o a qualquer informa\u00e7\u00e3o sua que possamos coletar no site\u00a0Bee News, e outros sites que possu\u00edmos e operamos. Solicitamos informa\u00e7\u00f5es pessoais apenas quando realmente precisamos delas para lhe fornecer um servi\u00e7o. Fazemo-lo por meios justos e legais, com [&hellip;]<\/p>\n","protected":false},"author":8,"featured_media":0,"parent":0,"menu_order":0,"comment_status":"closed","ping_status":"closed","template":"","meta":{"footnotes":""},"class_list":["post-124","page","type-page","status-publish"],"_links":{"self":[{"href":"https:\/\/beenews.com.br\/de\/wp-json\/wp\/v2\/pages\/124","targetHints":{"allow":["GET"]}}],"collection":[{"href":"https:\/\/beenews.com.br\/de\/wp-json\/wp\/v2\/pages"}],"about":[{"href":"https:\/\/beenews.com.br\/de\/wp-json\/wp\/v2\/types\/page"}],"author":[{"embeddable":true,"href":"https:\/\/beenews.com.br\/de\/wp-json\/wp\/v2\/users\/8"}],"replies":[{"embeddable":true,"href":"https:\/\/beenews.com.br\/de\/wp-json\/wp\/v2\/comments?post=124"}],"version-history":[{"count":0,"href":"https:\/\/beenews.com.br\/de\/wp-json\/wp\/v2\/pages\/124\/revisions"}],"wp:attachment":[{"href":"https:\/\/beenews.com.br\/de\/wp-json\/wp\/v2\/media?parent=124"}],"curies":[{"name":"wp","href":"https:\/\/api.w.org\/{rel}","templated":true}]}}